{"id":118,"date":"2026-04-21T08:39:39","date_gmt":"2026-04-21T08:39:39","guid":{"rendered":"https:\/\/www.regalosparaprofesoras.com\/?page_id=118"},"modified":"2026-04-21T08:48:27","modified_gmt":"2026-04-21T08:48:27","slug":"home-regalos-para-profesoras-de-guarderia","status":"publish","type":"page","link":"https:\/\/www.regalosparaprofesoras.com\/?page_id=118","title":{"rendered":"Home regalos para profesoras de guarderia"},"content":{"rendered":"\t\t<div data-elementor-type=\"wp-page\" data-elementor-id=\"118\" class=\"elementor elementor-118\">\n\t\t\t\t\t\t\t\t\t<section class=\"elementor-section elementor-top-section elementor-element elementor-element-1ee655cb elementor-section-full_width elementor-section-height-min-height elementor-section-items-stretch elementor-section-height-default\" data-id=\"1ee655cb\" data-element_type=\"section\">\n\t\t\t\t\t\t\t<div class=\"elementor-background-overlay\"><\/div>\n\t\t\t\t\t\t\t<div class=\"elementor-container elementor-column-gap-no\">\n\t\t\t\t\t<div class=\"elementor-column elementor-col-100 elementor-top-column elementor-element elementor-element-368c4ef3\" data-id=\"368c4ef3\" data-element_type=\"column\">\n\t\t\t<div class=\"elementor-widget-wrap elementor-element-populated\">\n\t\t\t\t\t\t\t\t<div class=\"elementor-element elementor-element-5ad4dcbd elementor-invisible elementor-widget elementor-widget-heading\" data-id=\"5ad4dcbd\" data-element_type=\"widget\" data-settings=\"{&quot;_animation&quot;:&quot;fadeInUp&quot;,&quot;_animation_delay&quot;:300}\" data-widget_type=\"heading.default\">\n\t\t\t\t<div class=\"elementor-widget-container\">\n\t\t\t<style>\/*! elementor - v3.12.2 - 23-04-2023 *\/\n.elementor-heading-title{padding:0;margin:0;line-height:1}.elementor-widget-heading .elementor-heading-title[class*=elementor-size-]>a{color:inherit;font-size:inherit;line-height:inherit}.elementor-widget-heading .elementor-heading-title.elementor-size-small{font-size:15px}.elementor-widget-heading .elementor-heading-title.elementor-size-medium{font-size:19px}.elementor-widget-heading .elementor-heading-title.elementor-size-large{font-size:29px}.elementor-widget-heading .elementor-heading-title.elementor-size-xl{font-size:39px}.elementor-widget-heading .elementor-heading-title.elementor-size-xxl{font-size:59px}<\/style><h1 class=\"elementor-heading-title elementor-size-default\">\u00bfCu\u00e1l es el mejor regalo para una profesora de guarderia?<\/h1>\t\t<\/div>\n\t\t\t\t<\/div>\n\t\t\t\t<div class=\"elementor-element elementor-element-657e0e3d elementor-invisible elementor-widget elementor-widget-text-editor\" data-id=\"657e0e3d\" data-element_type=\"widget\" data-settings=\"{&quot;_animation&quot;:&quot;fadeInUp&quot;,&quot;_animation_delay&quot;:500}\" data-widget_type=\"text-editor.default\">\n\t\t\t\t<div class=\"elementor-widget-container\">\n\t\t\t<style>\/*! elementor - v3.12.2 - 23-04-2023 *\/\n.elementor-widget-text-editor.elementor-drop-cap-view-stacked .elementor-drop-cap{background-color:#69727d;color:#fff}.elementor-widget-text-editor.elementor-drop-cap-view-framed .elementor-drop-cap{color:#69727d;border:3px solid;background-color:transparent}.elementor-widget-text-editor:not(.elementor-drop-cap-view-default) .elementor-drop-cap{margin-top:8px}.elementor-widget-text-editor:not(.elementor-drop-cap-view-default) .elementor-drop-cap-letter{width:1em;height:1em}.elementor-widget-text-editor .elementor-drop-cap{float:left;text-align:center;line-height:1;font-size:50px}.elementor-widget-text-editor .elementor-drop-cap-letter{display:inline-block}<\/style>\t\t\t\t<p>Seguro que est\u00e1s buscando el regalo perfecto para esa profesora tan querida, y que adem\u00e1s se adapte a tu presupuesto. En regalosparaprofesoras.com hemos hecho la selecci\u00f3n para que encuentres todo en el mismo sitio, y puedas hacer tu compra de forma segura y la mejor pecio en Amazon.<\/p>\t\t\t\t\t\t<\/div>\n\t\t\t\t<\/div>\n\t\t\t\t\t<\/div>\n\t\t<\/div>\n\t\t\t\t\t\t\t<\/div>\n\t\t<\/section>\n\t\t\t\t<section class=\"elementor-section elementor-top-section elementor-element elementor-element-1747ad5f elementor-section-height-full elementor-section-items-stretch elementor-section-boxed elementor-section-height-default\" data-id=\"1747ad5f\" data-element_type=\"section\">\n\t\t\t\t\t\t\t<div class=\"elementor-background-overlay\"><\/div>\n\t\t\t\t\t\t\t<div class=\"elementor-container elementor-column-gap-wider\">\n\t\t\t\t\t<div class=\"elementor-column elementor-col-50 elementor-top-column elementor-element elementor-element-1b148d6\" data-id=\"1b148d6\" data-element_type=\"column\">\n\t\t\t<div class=\"elementor-widget-wrap elementor-element-populated\">\n\t\t\t\t\t\t\t\t<div class=\"elementor-element elementor-element-206d958a elementor-invisible elementor-widget elementor-widget-heading\" data-id=\"206d958a\" data-element_type=\"widget\" data-settings=\"{&quot;_animation&quot;:&quot;fadeInUp&quot;,&quot;_animation_delay&quot;:300}\" data-widget_type=\"heading.default\">\n\t\t\t\t<div class=\"elementor-widget-container\">\n\t\t\t<h2 class=\"elementor-heading-title elementor-size-default\">\u00bfQuieres hacer un regalo personalizado?<\/h2>\t\t<\/div>\n\t\t\t\t<\/div>\n\t\t\t\t<div class=\"elementor-element elementor-element-4d10b0d2 elementor-invisible elementor-widget elementor-widget-text-editor\" data-id=\"4d10b0d2\" data-element_type=\"widget\" data-settings=\"{&quot;_animation&quot;:&quot;fadeInUp&quot;,&quot;_animation_delay&quot;:500}\" data-widget_type=\"text-editor.default\">\n\t\t\t\t<div class=\"elementor-widget-container\">\n\t\t\t\t\t\t\t<p>Se puede personalizar casi cualquier cosa, desde botellas de agua a llaveros, bol\u00edgrafos&#8230;<\/p><p>\u00bfEst\u00e1s buscando un regalo para tu profesora de guarderia? No busques m\u00e1s, en nuestra tienda encontrar\u00e1s los mejores regalos para profesoras, personalizados y originales. Ingeniosos y \u00fatiles, seguro que le encantar\u00e1n.<\/p><p>\u00bfEst\u00e1s buscando un regalo para la profesora de tus hijos? Encontrar el regalo perfecto puede ser un desaf\u00edo, pero tenemos justo lo que necesitas. Ofrecemos una amplia selecci\u00f3n de opciones personalizadas e ingeniosas que seguramente sorprender\u00e1n a tu profesora favorita.<\/p><p>\u00a0<\/p>\t\t\t\t\t\t<\/div>\n\t\t\t\t<\/div>\n\t\t\t\t\t<\/div>\n\t\t<\/div>\n\t\t\t\t<div class=\"elementor-column elementor-col-50 elementor-top-column elementor-element elementor-element-2f21095d\" data-id=\"2f21095d\" data-element_type=\"column\">\n\t\t\t<div class=\"elementor-widget-wrap elementor-element-populated\">\n\t\t\t\t\t\t\t\t<div class=\"elementor-element elementor-element-ddde6ec elementor-widget elementor-widget-image\" data-id=\"ddde6ec\" data-element_type=\"widget\" data-widget_type=\"image.default\">\n\t\t\t\t<div class=\"elementor-widget-container\">\n\t\t\t<style>\/*! elementor - v3.12.2 - 23-04-2023 *\/\n.elementor-widget-image{text-align:center}.elementor-widget-image a{display:inline-block}.elementor-widget-image a img[src$=\".svg\"]{width:48px}.elementor-widget-image img{vertical-align:middle;display:inline-block}<\/style>\t\t\t\t\t\t\t\t\t\t\t\t<img loading=\"lazy\" decoding=\"async\" width=\"800\" height=\"600\" src=\"https:\/\/www.regalosparaprofesoras.com\/wp-content\/uploads\/2022\/07\/balloon-crowd-vacation-recreation-holiday-child-1409964-pxhere.com_-1024x768.jpg\" class=\"attachment-large size-large wp-image-124\" alt=\"Ni\u00f1os en fiesta con glosbos y profesora\" srcset=\"https:\/\/www.regalosparaprofesoras.com\/wp-content\/uploads\/2022\/07\/balloon-crowd-vacation-recreation-holiday-child-1409964-pxhere.com_-1024x768.jpg 1024w, https:\/\/www.regalosparaprofesoras.com\/wp-content\/uploads\/2022\/07\/balloon-crowd-vacation-recreation-holiday-child-1409964-pxhere.com_-300x225.jpg 300w, https:\/\/www.regalosparaprofesoras.com\/wp-content\/uploads\/2022\/07\/balloon-crowd-vacation-recreation-holiday-child-1409964-pxhere.com_-768x576.jpg 768w, https:\/\/www.regalosparaprofesoras.com\/wp-content\/uploads\/2022\/07\/balloon-crowd-vacation-recreation-holiday-child-1409964-pxhere.com_-1536x1152.jpg 1536w, https:\/\/www.regalosparaprofesoras.com\/wp-content\/uploads\/2022\/07\/balloon-crowd-vacation-recreation-holiday-child-1409964-pxhere.com_-2048x1536.jpg 2048w\" sizes=\"auto, (max-width: 800px) 100vw, 800px\" \/>\t\t\t\t\t\t\t\t\t\t\t\t\t\t\t<\/div>\n\t\t\t\t<\/div>\n\t\t\t\t\t<\/div>\n\t\t<\/div>\n\t\t\t\t\t\t\t<\/div>\n\t\t<\/section>\n\t\t\t\t<section class=\"elementor-section elementor-top-section elementor-element elementor-element-0e5eb0e elementor-section-boxed elementor-section-height-default elementor-section-height-default\" data-id=\"0e5eb0e\" data-element_type=\"section\">\n\t\t\t\t\t\t<div class=\"elementor-container elementor-column-gap-default\">\n\t\t\t\t\t<div class=\"elementor-column elementor-col-100 elementor-top-column elementor-element elementor-element-0af31cf\" data-id=\"0af31cf\" data-element_type=\"column\">\n\t\t\t<div class=\"elementor-widget-wrap elementor-element-populated\">\n\t\t\t\t\t\t\t\t<div class=\"elementor-element elementor-element-80543f2 elementor-widget elementor-widget-heading\" data-id=\"80543f2\" data-element_type=\"widget\" data-widget_type=\"heading.default\">\n\t\t\t\t<div class=\"elementor-widget-container\">\n\t\t\t<h2 class=\"elementor-heading-title elementor-size-default\">Packs de regalo para profesoras de guarder\u00eda<\/h2>\t\t<\/div>\n\t\t\t\t<\/div>\n\t\t\t\t\t<\/div>\n\t\t<\/div>\n\t\t\t\t\t\t\t<\/div>\n\t\t<\/section>\n\t\t\t\t<section class=\"elementor-section elementor-top-section elementor-element elementor-element-6ef7fa8 elementor-section-boxed elementor-section-height-default elementor-section-height-default\" data-id=\"6ef7fa8\" data-element_type=\"section\">\n\t\t\t\t\t\t<div class=\"elementor-container elementor-column-gap-default\">\n\t\t\t\t\t<div class=\"elementor-column elementor-col-100 elementor-top-column elementor-element elementor-element-bfbc18c\" data-id=\"bfbc18c\" data-element_type=\"column\">\n\t\t\t<div class=\"elementor-widget-wrap elementor-element-populated\">\n\t\t\t\t\t\t\t\t<div class=\"elementor-element elementor-element-003b3fd elementor-widget elementor-widget-text-editor\" data-id=\"003b3fd\" data-element_type=\"widget\" data-widget_type=\"text-editor.default\">\n\t\t\t\t<div class=\"elementor-widget-container\">\n\t\t\t\t\t\t\t<div class='amazon-auto-links'><div class='warning' data-type='ad_widget_search' data-id='145' data-locale='ES'><p>Auto Amazon Links: No se encontraron productos. http_request_failed: No se ha facilitado una URL v\u00e1lida. URL: https:\/\/ws-eu.amazon-adsystem.com\/widgets\/q?SearchIndex=All&#038;multipageStart=0&#038;multipageCount=20&#038;Operation=GetResults&#038;Keywords=packs+regalo+mujer&#038;InstanceId=0&#038;TemplateId=MobileSearchResults&#038;ServiceVersion=20070822&#038;MarketPlace=ES Cache: AAL_703dc7bc951e7995c770a4d3efa5b851<\/p><\/div><!-- Notes: http_request_failed: No se ha facilitado una URL v\u00e1lida. URL: https:\/\/ws-eu.amazon-adsystem.com\/widgets\/q?SearchIndex=All&multipageStart=0&multipageCount=20&Operation=GetResults&Keywords=packs+regalo+mujer&InstanceId=0&TemplateId=MobileSearchResults&ServiceVersion=20070822&MarketPlace=ES Cache: AAL_703dc7bc951e7995c770a4d3efa5b851 --><!-- Rendered with Auto Amazon Links by miunosoft --><\/div>\t\t\t\t\t\t<\/div>\n\t\t\t\t<\/div>\n\t\t\t\t\t<\/div>\n\t\t<\/div>\n\t\t\t\t\t\t\t<\/div>\n\t\t<\/section>\n\t\t\t\t<section class=\"elementor-section elementor-top-section elementor-element elementor-element-9fa7642 elementor-section-boxed elementor-section-height-default elementor-section-height-default\" data-id=\"9fa7642\" data-element_type=\"section\">\n\t\t\t\t\t\t<div class=\"elementor-container elementor-column-gap-default\">\n\t\t\t\t\t<div class=\"elementor-column elementor-col-100 elementor-top-column elementor-element elementor-element-fa7913d\" data-id=\"fa7913d\" data-element_type=\"column\">\n\t\t\t<div class=\"elementor-widget-wrap elementor-element-populated\">\n\t\t\t\t\t\t\t\t<div class=\"elementor-element elementor-element-7d12e02 elementor-widget elementor-widget-heading\" data-id=\"7d12e02\" data-element_type=\"widget\" data-widget_type=\"heading.default\">\n\t\t\t\t<div class=\"elementor-widget-container\">\n\t\t\t<h2 class=\"elementor-heading-title elementor-size-default\">Regalos personalizados para profesoras de guarderia<\/h2>\t\t<\/div>\n\t\t\t\t<\/div>\n\t\t\t\t\t<\/div>\n\t\t<\/div>\n\t\t\t\t\t\t\t<\/div>\n\t\t<\/section>\n\t\t\t\t<section class=\"elementor-section elementor-top-section elementor-element elementor-element-f98dcec elementor-section-boxed elementor-section-height-default elementor-section-height-default\" data-id=\"f98dcec\" data-element_type=\"section\">\n\t\t\t\t\t\t<div class=\"elementor-container elementor-column-gap-default\">\n\t\t\t\t\t<div class=\"elementor-column elementor-col-100 elementor-top-column elementor-element elementor-element-26696eb\" data-id=\"26696eb\" data-element_type=\"column\">\n\t\t\t<div class=\"elementor-widget-wrap elementor-element-populated\">\n\t\t\t\t\t\t\t\t<div class=\"elementor-element elementor-element-67f72cf elementor-widget elementor-widget-text-editor\" data-id=\"67f72cf\" data-element_type=\"widget\" data-widget_type=\"text-editor.default\">\n\t\t\t\t<div class=\"elementor-widget-container\">\n\t\t\t\t\t\t\t<p style=\"color: rgb(34, 34, 34); font-family: Raleway, sans-serif;\">No busques m\u00e1s, en esta tienda online encontrar\u00e1s el regalo perfecto para tu profesora favorita. Tenemos de todo, desde art\u00edculos de papeler\u00eda personalizados hasta llaveros ingeniosos y originales, \u00a1t\u00fa eliges!<\/p>\n<p style=\"color: rgb(34, 34, 34); font-family: Raleway, sans-serif;\">Si buscas un regalo para la persona que m\u00e1s ha influido en tu vida, no lo pienses m\u00e1s y opta por nuestros regalos para profesoras de guarderia. Tenemos todo tipo de opciones para que puedas elegir el que mejor se adapte a tus necesidades y a las de la persona a la que vas a hacer el regalo. \u00a1No te decepcionar\u00e1s!<\/p>\t\t\t\t\t\t<\/div>\n\t\t\t\t<\/div>\n\t\t\t\t\t<\/div>\n\t\t<\/div>\n\t\t\t\t\t\t\t<\/div>\n\t\t<\/section>\n\t\t\t\t<section class=\"elementor-section elementor-top-section elementor-element elementor-element-35c9ce6 elementor-section-boxed elementor-section-height-default elementor-section-height-default\" data-id=\"35c9ce6\" data-element_type=\"section\">\n\t\t\t\t\t\t<div class=\"elementor-container elementor-column-gap-default\">\n\t\t\t\t\t<div class=\"elementor-column elementor-col-100 elementor-top-column elementor-element elementor-element-5396206\" data-id=\"5396206\" data-element_type=\"column\">\n\t\t\t<div class=\"elementor-widget-wrap elementor-element-populated\">\n\t\t\t\t\t\t\t\t<div class=\"elementor-element elementor-element-0544865 elementor-widget elementor-widget-text-editor\" data-id=\"0544865\" data-element_type=\"widget\" data-widget_type=\"text-editor.default\">\n\t\t\t\t<div class=\"elementor-widget-container\">\n\t\t\t\t\t\t\t<div class='amazon-auto-links'><div class='warning' data-type='ad_widget_search' data-id='175' data-locale='ES'><p>Auto Amazon Links: No se encontraron productos. http_request_failed: No se ha facilitado una URL v\u00e1lida. URL: https:\/\/ws-eu.amazon-adsystem.com\/widgets\/q?SearchIndex=All&#038;multipageStart=0&#038;multipageCount=20&#038;Operation=GetResults&#038;Keywords=Regalos+para+profesoras&#038;InstanceId=0&#038;TemplateId=MobileSearchResults&#038;ServiceVersion=20070822&#038;MarketPlace=ES Cache: AAL_185859f224204c764c2193f3b6c1c606<\/p><\/div><!-- Notes: http_request_failed: No se ha facilitado una URL v\u00e1lida. URL: https:\/\/ws-eu.amazon-adsystem.com\/widgets\/q?SearchIndex=All&multipageStart=0&multipageCount=20&Operation=GetResults&Keywords=Regalos+para+profesoras&InstanceId=0&TemplateId=MobileSearchResults&ServiceVersion=20070822&MarketPlace=ES Cache: AAL_185859f224204c764c2193f3b6c1c606 --><!-- Rendered with Auto Amazon Links by miunosoft --><\/div>\t\t\t\t\t\t<\/div>\n\t\t\t\t<\/div>\n\t\t\t\t\t<\/div>\n\t\t<\/div>\n\t\t\t\t\t\t\t<\/div>\n\t\t<\/section>\n\t\t\t\t\t\t\t<\/div>\n\t\t","protected":false},"excerpt":{"rendered":"<p>\u00bfCu\u00e1l es el mejor regalo para una profesora de guarderia? Seguro que est\u00e1s buscando el regalo perfecto para esa profesora tan querida, y que adem\u00e1s se adapte a tu presupuesto. En regalosparaprofesoras.com hemos hecho la selecci\u00f3n para que encuentres todo en el mismo sitio, y puedas hacer tu compra de forma segura y la mejor [&hellip;]<\/p>\n","protected":false},"author":1,"featured_media":0,"parent":0,"menu_order":0,"comment_status":"open","ping_status":"open","template":"","meta":{"footnotes":""},"class_list":["post-118","page","type-page","status-publish","hentry"],"yoast_head":"<!-- This site is optimized with the Yoast SEO plugin v20.5 - https:\/\/yoast.com\/wordpress\/plugins\/seo\/ -->\n<title>118TILTE TILTE TILTE TILTE<\/title>\n<meta name=\"description\" content=\"DESCRIPTION DESCRIPTION DESCRIPTION DESCRIPTION 118\" \/>\n<meta name=\"robots\" content=\"index, follow, max-snippet:-1, max-image-preview:large, max-video-preview:-1\" \/>\n<link rel=\"canonical\" href=\"https:\/\/www.regalosparaprofesoras.com\/?page_id=118\" \/>\n<meta property=\"og:locale\" content=\"es_ES\" \/>\n<meta property=\"og:type\" content=\"article\" \/>\n<meta property=\"og:title\" content=\"118TILTE TILTE TILTE TILTE\" \/>\n<meta property=\"og:description\" content=\"DESCRIPTION DESCRIPTION DESCRIPTION DESCRIPTION 118\" \/>\n<meta property=\"og:url\" content=\"https:\/\/www.regalosparaprofesoras.com\/?page_id=118\" \/>\n<meta property=\"og:site_name\" content=\"RPP\" \/>\n<meta property=\"article:modified_time\" content=\"2026-04-21T08:48:27+00:00\" \/>\n<meta property=\"og:image\" content=\"https:\/\/www.regalosparaprofesoras.com\/wp-content\/uploads\/2022\/07\/balloon-crowd-vacation-recreation-holiday-child-1409964-pxhere.com_-1024x768.jpg\" \/>\n<meta name=\"twitter:card\" content=\"summary_large_image\" \/>\n<meta name=\"twitter:label1\" content=\"Tiempo de lectura\" \/>\n\t<meta name=\"twitter:data1\" content=\"8 minutos\" \/>\n<script type=\"application\/ld+json\" class=\"yoast-schema-graph\">{\"@context\":\"https:\/\/schema.org\",\"@graph\":[{\"@type\":\"WebPage\",\"@id\":\"https:\/\/www.regalosparaprofesoras.com\/?page_id=118\",\"url\":\"https:\/\/www.regalosparaprofesoras.com\/?page_id=118\",\"name\":\"118TILTE TILTE TILTE TILTE\",\"isPartOf\":{\"@id\":\"https:\/\/www.regalosparaprofesoras.com\/#website\"},\"datePublished\":\"2026-04-21T08:39:39+00:00\",\"dateModified\":\"2026-04-21T08:48:27+00:00\",\"description\":\"DESCRIPTION DESCRIPTION DESCRIPTION DESCRIPTION 118\",\"breadcrumb\":{\"@id\":\"https:\/\/www.regalosparaprofesoras.com\/?page_id=118#breadcrumb\"},\"inLanguage\":\"es\",\"potentialAction\":[{\"@type\":\"ReadAction\",\"target\":[\"https:\/\/www.regalosparaprofesoras.com\/?page_id=118\"]}]},{\"@type\":\"BreadcrumbList\",\"@id\":\"https:\/\/www.regalosparaprofesoras.com\/?page_id=118#breadcrumb\",\"itemListElement\":[{\"@type\":\"ListItem\",\"position\":1,\"name\":\"Portada\",\"item\":\"https:\/\/www.regalosparaprofesoras.com\/\"},{\"@type\":\"ListItem\",\"position\":2,\"name\":\"Home regalos para profesoras de guarderia\"}]},{\"@type\":\"WebSite\",\"@id\":\"https:\/\/www.regalosparaprofesoras.com\/#website\",\"url\":\"https:\/\/www.regalosparaprofesoras.com\/\",\"name\":\"RPP\",\"description\":\"La mayor selecci\u00f3n de regalos para profesoras de amazon\",\"publisher\":{\"@id\":\"https:\/\/www.regalosparaprofesoras.com\/#organization\"},\"potentialAction\":[{\"@type\":\"SearchAction\",\"target\":{\"@type\":\"EntryPoint\",\"urlTemplate\":\"https:\/\/www.regalosparaprofesoras.com\/?s={search_term_string}\"},\"query-input\":\"required name=search_term_string\"}],\"inLanguage\":\"es\"},{\"@type\":\"Organization\",\"@id\":\"https:\/\/www.regalosparaprofesoras.com\/#organization\",\"name\":\"RPP\",\"url\":\"https:\/\/www.regalosparaprofesoras.com\/\",\"logo\":{\"@type\":\"ImageObject\",\"inLanguage\":\"es\",\"@id\":\"https:\/\/www.regalosparaprofesoras.com\/#\/schema\/logo\/image\/\",\"url\":\"https:\/\/www.regalosparaprofesoras.com\/wp-content\/uploads\/2022\/07\/cropped-cropped-RPP.png\",\"contentUrl\":\"https:\/\/www.regalosparaprofesoras.com\/wp-content\/uploads\/2022\/07\/cropped-cropped-RPP.png\",\"width\":512,\"height\":241,\"caption\":\"RPP\"},\"image\":{\"@id\":\"https:\/\/www.regalosparaprofesoras.com\/#\/schema\/logo\/image\/\"}}]}<\/script>\n<!-- \/ Yoast SEO plugin. -->","yoast_head_json":{"title":"118TILTE TILTE TILTE TILTE","description":"DESCRIPTION DESCRIPTION DESCRIPTION DESCRIPTION 118","robots":{"index":"index","follow":"follow","max-snippet":"max-snippet:-1","max-image-preview":"max-image-preview:large","max-video-preview":"max-video-preview:-1"},"canonical":"https:\/\/www.regalosparaprofesoras.com\/?page_id=118","og_locale":"es_ES","og_type":"article","og_title":"118TILTE TILTE TILTE TILTE","og_description":"DESCRIPTION DESCRIPTION DESCRIPTION DESCRIPTION 118","og_url":"https:\/\/www.regalosparaprofesoras.com\/?page_id=118","og_site_name":"RPP","article_modified_time":"2026-04-21T08:48:27+00:00","og_image":[{"url":"https:\/\/www.regalosparaprofesoras.com\/wp-content\/uploads\/2022\/07\/balloon-crowd-vacation-recreation-holiday-child-1409964-pxhere.com_-1024x768.jpg"}],"twitter_card":"summary_large_image","twitter_misc":{"Tiempo de lectura":"8 minutos"},"schema":{"@context":"https:\/\/schema.org","@graph":[{"@type":"WebPage","@id":"https:\/\/www.regalosparaprofesoras.com\/?page_id=118","url":"https:\/\/www.regalosparaprofesoras.com\/?page_id=118","name":"118TILTE TILTE TILTE TILTE","isPartOf":{"@id":"https:\/\/www.regalosparaprofesoras.com\/#website"},"datePublished":"2026-04-21T08:39:39+00:00","dateModified":"2026-04-21T08:48:27+00:00","description":"DESCRIPTION DESCRIPTION DESCRIPTION DESCRIPTION 118","breadcrumb":{"@id":"https:\/\/www.regalosparaprofesoras.com\/?page_id=118#breadcrumb"},"inLanguage":"es","potentialAction":[{"@type":"ReadAction","target":["https:\/\/www.regalosparaprofesoras.com\/?page_id=118"]}]},{"@type":"BreadcrumbList","@id":"https:\/\/www.regalosparaprofesoras.com\/?page_id=118#breadcrumb","itemListElement":[{"@type":"ListItem","position":1,"name":"Portada","item":"https:\/\/www.regalosparaprofesoras.com\/"},{"@type":"ListItem","position":2,"name":"Home regalos para profesoras de guarderia"}]},{"@type":"WebSite","@id":"https:\/\/www.regalosparaprofesoras.com\/#website","url":"https:\/\/www.regalosparaprofesoras.com\/","name":"RPP","description":"La mayor selecci\u00f3n de regalos para profesoras de amazon","publisher":{"@id":"https:\/\/www.regalosparaprofesoras.com\/#organization"},"potentialAction":[{"@type":"SearchAction","target":{"@type":"EntryPoint","urlTemplate":"https:\/\/www.regalosparaprofesoras.com\/?s={search_term_string}"},"query-input":"required name=search_term_string"}],"inLanguage":"es"},{"@type":"Organization","@id":"https:\/\/www.regalosparaprofesoras.com\/#organization","name":"RPP","url":"https:\/\/www.regalosparaprofesoras.com\/","logo":{"@type":"ImageObject","inLanguage":"es","@id":"https:\/\/www.regalosparaprofesoras.com\/#\/schema\/logo\/image\/","url":"https:\/\/www.regalosparaprofesoras.com\/wp-content\/uploads\/2022\/07\/cropped-cropped-RPP.png","contentUrl":"https:\/\/www.regalosparaprofesoras.com\/wp-content\/uploads\/2022\/07\/cropped-cropped-RPP.png","width":512,"height":241,"caption":"RPP"},"image":{"@id":"https:\/\/www.regalosparaprofesoras.com\/#\/schema\/logo\/image\/"}}]}},"_links":{"self":[{"href":"https:\/\/www.regalosparaprofesoras.com\/index.php?rest_route=\/wp\/v2\/pages\/118","targetHints":{"allow":["GET"]}}],"collection":[{"href":"https:\/\/www.regalosparaprofesoras.com\/index.php?rest_route=\/wp\/v2\/pages"}],"about":[{"href":"https:\/\/www.regalosparaprofesoras.com\/index.php?rest_route=\/wp\/v2\/types\/page"}],"author":[{"embeddable":true,"href":"https:\/\/www.regalosparaprofesoras.com\/index.php?rest_route=\/wp\/v2\/users\/1"}],"replies":[{"embeddable":true,"href":"https:\/\/www.regalosparaprofesoras.com\/index.php?rest_route=%2Fwp%2Fv2%2Fcomments&post=118"}],"version-history":[{"count":31,"href":"https:\/\/www.regalosparaprofesoras.com\/index.php?rest_route=\/wp\/v2\/pages\/118\/revisions"}],"predecessor-version":[{"id":439,"href":"https:\/\/www.regalosparaprofesoras.com\/index.php?rest_route=\/wp\/v2\/pages\/118\/revisions\/439"}],"wp:attachment":[{"href":"https:\/\/www.regalosparaprofesoras.com\/index.php?rest_route=%2Fwp%2Fv2%2Fmedia&parent=118"}],"curies":[{"name":"wp","href":"https:\/\/api.w.org\/{rel}","templated":true}]}}