{"id":231,"date":"2026-04-21T08:39:39","date_gmt":"2026-04-21T08:39:39","guid":{"rendered":"https:\/\/www.regalosparaprofesoras.com\/?page_id=231"},"modified":"2026-04-21T08:48:27","modified_gmt":"2026-04-21T08:48:27","slug":"regalos-para-profesoras-de-infantil","status":"publish","type":"page","link":"https:\/\/www.regalosparaprofesoras.com\/?page_id=231","title":{"rendered":"Regalos para profesoras de infantil"},"content":{"rendered":"\t\t<div data-elementor-type=\"wp-page\" data-elementor-id=\"231\" class=\"elementor elementor-231\">\n\t\t\t\t\t\t\t\t\t<section class=\"elementor-section elementor-top-section elementor-element elementor-element-70e468e1 elementor-section-full_width elementor-section-height-default elementor-section-height-default\" data-id=\"70e468e1\" data-element_type=\"section\">\n\t\t\t\t\t\t<div class=\"elementor-container elementor-column-gap-default\">\n\t\t\t\t\t<div class=\"elementor-column elementor-col-100 elementor-top-column elementor-element elementor-element-5a9a8c6\" data-id=\"5a9a8c6\" data-element_type=\"column\">\n\t\t\t<div class=\"elementor-widget-wrap elementor-element-populated\">\n\t\t\t\t\t\t\t\t<div class=\"elementor-element elementor-element-3fbd1cfe elementor-widget elementor-widget-text-editor\" data-id=\"3fbd1cfe\" data-element_type=\"widget\" data-widget_type=\"text-editor.default\">\n\t\t\t\t<div class=\"elementor-widget-container\">\n\t\t\t<style>\/*! elementor - v3.12.2 - 23-04-2023 *\/\n.elementor-widget-text-editor.elementor-drop-cap-view-stacked .elementor-drop-cap{background-color:#69727d;color:#fff}.elementor-widget-text-editor.elementor-drop-cap-view-framed .elementor-drop-cap{color:#69727d;border:3px solid;background-color:transparent}.elementor-widget-text-editor:not(.elementor-drop-cap-view-default) .elementor-drop-cap{margin-top:8px}.elementor-widget-text-editor:not(.elementor-drop-cap-view-default) .elementor-drop-cap-letter{width:1em;height:1em}.elementor-widget-text-editor .elementor-drop-cap{float:left;text-align:center;line-height:1;font-size:50px}.elementor-widget-text-editor .elementor-drop-cap-letter{display:inline-block}<\/style>\t\t\t\t<!-- wp:paragraph -->\n<div class='amazon-auto-links'><div class='warning' data-type='ad_widget_search' data-id='175' data-locale='ES'><p>Auto Amazon Links: No se encontraron productos. http_request_failed: No se ha facilitado una URL v\u00e1lida. URL: https:\/\/ws-eu.amazon-adsystem.com\/widgets\/q?SearchIndex=All&#038;multipageStart=0&#038;multipageCount=20&#038;Operation=GetResults&#038;Keywords=Regalos+para+profesoras&#038;InstanceId=0&#038;TemplateId=MobileSearchResults&#038;ServiceVersion=20070822&#038;MarketPlace=ES Cache: AAL_185859f224204c764c2193f3b6c1c606<\/p><\/div><!-- Notes: http_request_failed: No se ha facilitado una URL v\u00e1lida. URL: https:\/\/ws-eu.amazon-adsystem.com\/widgets\/q?SearchIndex=All&multipageStart=0&multipageCount=20&Operation=GetResults&Keywords=Regalos+para+profesoras&InstanceId=0&TemplateId=MobileSearchResults&ServiceVersion=20070822&MarketPlace=ES Cache: AAL_185859f224204c764c2193f3b6c1c606 --><!-- Rendered with Auto Amazon Links by miunosoft --><\/div>\n<!-- \/wp:paragraph -->\t\t\t\t\t\t<\/div>\n\t\t\t\t<\/div>\n\t\t\t\t\t<\/div>\n\t\t<\/div>\n\t\t\t\t\t\t\t<\/div>\n\t\t<\/section>\n\t\t\t\t<section class=\"elementor-section elementor-top-section elementor-element elementor-element-385301b elementor-section-boxed elementor-section-height-default elementor-section-height-default\" data-id=\"385301b\" data-element_type=\"section\">\n\t\t\t\t\t\t<div class=\"elementor-container elementor-column-gap-default\">\n\t\t\t\t\t<div class=\"elementor-column elementor-col-100 elementor-top-column elementor-element elementor-element-dbf3459\" data-id=\"dbf3459\" data-element_type=\"column\">\n\t\t\t<div class=\"elementor-widget-wrap elementor-element-populated\">\n\t\t\t\t\t\t\t\t<div class=\"elementor-element elementor-element-4225abc elementor-widget elementor-widget-text-editor\" data-id=\"4225abc\" data-element_type=\"widget\" data-widget_type=\"text-editor.default\">\n\t\t\t\t<div class=\"elementor-widget-container\">\n\t\t\t\t\t\t\t<h2>\u00bfBuscas un regalo para la profesora de primaria de tu de tu hijo?<\/h2>\n<p>Este listado est\u00e1 dedicado a aquellas madres o padres que est\u00e1n buscando ideas de regalos para sus hijos. Los ni\u00f1os suelen ser los que m\u00e1s reciben regalos, <strong>pero no siempre los profesores m\u00e1s j\u00f3venes son atendidos como se merecen.<\/strong> Te invitamos a conocer algunos de nuestros mejores productos para ellas:<\/p>\n<ol>\n<li>Llavero<\/li>\n<li>Porta telefono movil<\/li>\n<li>A l\u00e1piz personalizado<\/li>\n<li>Un cuaderno para anotar ideas<\/li>\n<li>Unas plumas para dibujar y escribir en el aula<\/li>\n<\/ol>\n<p><span style=\"background-color: var( --e-global-color-c696dce ); font-family: -apple-system, BlinkMacSystemFont, 'Segoe UI', Roboto, 'Helvetica Neue', Arial, 'Noto Sans', sans-serif; font-size: 1rem;\">Un lapicero personalizado es el <strong>regalo m\u00e1s original para profesoras de primaria<\/strong>. Es una idea perfecta, muy acertada y con la que vas a sorprender mucho a tu profesora.<\/span><\/p>\n<p>La idea es hacer una caja con el nombre del ni\u00f1o y su profesor en letras estampadas en varios colores (lila, amarillo o gris) o recortadas de los dibujos del ni\u00f1o.<\/p>\n<p>Personalizar el regalo te permite que sea \u00fanico y le pones much\u00edsimo cari\u00f1o!<\/p>\n<h2><strong>Taza personalizada con gomas de borrar<\/strong>.<\/h2><p>&nbsp;Ideal para profesoras de primaria y expresarle a sus profesores su gratitud. Esta taza personalizada con borradores es la mejor opci\u00f3n para regalarle a su maestra. En la parte superior de la taza se puede escribir un mensaje personalizado y en el interior de la misma, se pueden colocar los nombres y las fechas importantes del a\u00f1o escolar.<\/p>\n<p>Las tazas para profesoras son un gran regalo para ellas. Pueden encontrarlas en cualquier tienda de art\u00edculos para el hogar o en l\u00ednea. Aseg\u00farese de obtener una taza que sea lo suficientemente grande como para que pueda contener todo lo que necesita durante el d\u00eda. \u00a1Incluso puedes personalizarla con un mensaje especial!<br><\/p>\n<h2><strong>Pulseras personalizadas<\/strong>&nbsp;<\/h2><p>con el nombre del ni\u00f1o y el nombre del profesor. Muy lindo regalo artesanal para maestros de primaria en fin de a\u00f1o.<\/p>\n<p>Estos regalos son ideales para expresarle a los profesores su gratitud por el trabajo bien hecho que hacen con sus hijos.<\/p><p>\u00bfEst\u00e1s buscando un regalo original para la profesora de tu hijo? \u00a1M\u00edralo! Aqu\u00ed hay 13 opciones incre\u00edbles, todas personalizadas y \u00fanicas, perfectas para maestras de primaria:<\/p><p><ol><li><span style=\"background-color: var( --e-global-color-c696dce ); font-family: -apple-system, BlinkMacSystemFont, &quot;Segoe UI&quot;, Roboto, &quot;Helvetica Neue&quot;, Arial, &quot;Noto Sans&quot;, sans-serif; font-size: 1rem;\">Una pulsera con el nombre del ni\u00f1o y la fecha de su cumplea\u00f1os.<\/span><\/li><li><span style=\"background-color: var( --e-global-color-c696dce ); font-family: -apple-system, BlinkMacSystemFont, &quot;Segoe UI&quot;, Roboto, &quot;Helvetica Neue&quot;, Arial, &quot;Noto Sans&quot;, sans-serif; font-size: 1rem;\">Una pulsera con el logo o eslogan favorito de la clase.<\/span><\/li><li><span style=\"background-color: var( --e-global-color-c696dce ); font-family: -apple-system, BlinkMacSystemFont, &quot;Segoe UI&quot;, Roboto, &quot;Helvetica Neue&quot;, Arial, &quot;Noto Sans&quot;, sans-serif; font-size: 1rem;\">Una pulsera con las iniciales de la maestra y el nombre de su clase.<\/span><\/li><li><span style=\"background-color: var( --e-global-color-c696dce ); font-family: -apple-system, BlinkMacSystemFont, &quot;Segoe UI&quot;, Roboto, &quot;Helvetica Neue&quot;, Arial, &quot;Noto Sans&quot;, sans-serif; font-size: 1rem;\">Una pulsera inspirada en los libros que ley\u00f3 durante el a\u00f1o escolar, con los t\u00edtulos grabados en ella.<\/span><\/li><li><span style=\"background-color: var( --e-global-color-c696dce ); font-family: -apple-system, BlinkMacSystemFont, &quot;Segoe UI&quot;, Roboto, &quot;Helvetica Neue&quot;, Arial, &quot;Noto Sans&quot;, sans-serif; font-size: 1rem;\">Una pulsera hecha a mano por el ni\u00f1o, utilizando materiales reciclados como perlas o botones.<\/span><\/li><li><span style=\"background-color: var( --e-global-color-c696dce ); font-family: -apple-system, BlinkMacSystemFont, &quot;Segoe UI&quot;, Roboto, &quot;Helvetica Neue&quot;, Arial, &quot;Noto Sans&quot;, sans-serif; font-size: 1rem;\">Un llavero personalizado con el nombre y la foto de la maestra, perfecto para colgar en su bolsillo o bolso.<\/span><\/li><li><span style=\"background-color: var( --e-global-color-c696dce ); font-family: -apple-system, BlinkMacSystemFont, &quot;Segoe UI&quot;, Roboto, &quot;Helvetica Neue&quot;, Arial, &quot;Noto Sans&quot;, sans-serif; font-size: 1rem;\">Un cuaderno personalizado con el nombre y la foto de la maestra<\/span><\/li><\/ol><\/p>\t\t\t\t\t\t<\/div>\n\t\t\t\t<\/div>\n\t\t\t\t\t<\/div>\n\t\t<\/div>\n\t\t\t\t\t\t\t<\/div>\n\t\t<\/section>\n\t\t\t\t\t\t\t<\/div>\n\t\t","protected":false},"excerpt":{"rendered":"<p>La gu\u00eda definitiva de profesoras de infantil \u00bfCu\u00e1les son los mejores regalos para los maestros de jard\u00edn de infantes? Las ideas de regalos para los maestros de jard\u00edn de infantes no siempre son f\u00e1ciles de encontrar. Pero, hay algunos grandes regalos que puedes darles que les alegrar\u00e1n el d\u00eda. Algunos de los mejores regalos para [&hellip;]<\/p>\n","protected":false},"author":1,"featured_media":0,"parent":0,"menu_order":0,"comment_status":"open","ping_status":"open","template":"","meta":{"footnotes":""},"class_list":["post-231","page","type-page","status-publish","hentry"],"yoast_head":"<!-- This site is optimized with the Yoast SEO plugin v20.5 - https:\/\/yoast.com\/wordpress\/plugins\/seo\/ -->\n<title>231TILTE TILTE TILTE TILTE<\/title>\n<meta name=\"description\" content=\"231 DESCRIPTION DESCRIPTION DESCRIPTION DESCRIPTION\" \/>\n<meta name=\"robots\" content=\"index, follow, max-snippet:-1, max-image-preview:large, max-video-preview:-1\" \/>\n<link rel=\"canonical\" href=\"https:\/\/www.regalosparaprofesoras.com\/?page_id=231\" \/>\n<meta property=\"og:locale\" content=\"es_ES\" \/>\n<meta property=\"og:type\" content=\"article\" \/>\n<meta property=\"og:title\" content=\"231TILTE TILTE TILTE TILTE\" \/>\n<meta property=\"og:description\" content=\"231 DESCRIPTION DESCRIPTION DESCRIPTION DESCRIPTION\" \/>\n<meta property=\"og:url\" content=\"https:\/\/www.regalosparaprofesoras.com\/?page_id=231\" \/>\n<meta property=\"og:site_name\" content=\"RPP\" \/>\n<meta property=\"article:modified_time\" content=\"2026-04-21T08:48:27+00:00\" \/>\n<meta name=\"twitter:card\" content=\"summary_large_image\" \/>\n<meta name=\"twitter:label1\" content=\"Tiempo de lectura\" \/>\n\t<meta name=\"twitter:data1\" content=\"2 minutos\" \/>\n<script type=\"application\/ld+json\" class=\"yoast-schema-graph\">{\"@context\":\"https:\/\/schema.org\",\"@graph\":[{\"@type\":\"WebPage\",\"@id\":\"https:\/\/www.regalosparaprofesoras.com\/?page_id=231\",\"url\":\"https:\/\/www.regalosparaprofesoras.com\/?page_id=231\",\"name\":\"231TILTE TILTE TILTE TILTE\",\"isPartOf\":{\"@id\":\"https:\/\/www.regalosparaprofesoras.com\/#website\"},\"datePublished\":\"2026-04-21T08:39:39+00:00\",\"dateModified\":\"2026-04-21T08:48:27+00:00\",\"description\":\"231 DESCRIPTION DESCRIPTION DESCRIPTION DESCRIPTION\",\"breadcrumb\":{\"@id\":\"https:\/\/www.regalosparaprofesoras.com\/?page_id=231#breadcrumb\"},\"inLanguage\":\"es\",\"potentialAction\":[{\"@type\":\"ReadAction\",\"target\":[\"https:\/\/www.regalosparaprofesoras.com\/?page_id=231\"]}]},{\"@type\":\"BreadcrumbList\",\"@id\":\"https:\/\/www.regalosparaprofesoras.com\/?page_id=231#breadcrumb\",\"itemListElement\":[{\"@type\":\"ListItem\",\"position\":1,\"name\":\"Portada\",\"item\":\"https:\/\/www.regalosparaprofesoras.com\/\"},{\"@type\":\"ListItem\",\"position\":2,\"name\":\"Regalos para profesoras de infantil\"}]},{\"@type\":\"WebSite\",\"@id\":\"https:\/\/www.regalosparaprofesoras.com\/#website\",\"url\":\"https:\/\/www.regalosparaprofesoras.com\/\",\"name\":\"RPP\",\"description\":\"La mayor selecci\u00f3n de regalos para profesoras de amazon\",\"publisher\":{\"@id\":\"https:\/\/www.regalosparaprofesoras.com\/#organization\"},\"potentialAction\":[{\"@type\":\"SearchAction\",\"target\":{\"@type\":\"EntryPoint\",\"urlTemplate\":\"https:\/\/www.regalosparaprofesoras.com\/?s={search_term_string}\"},\"query-input\":\"required name=search_term_string\"}],\"inLanguage\":\"es\"},{\"@type\":\"Organization\",\"@id\":\"https:\/\/www.regalosparaprofesoras.com\/#organization\",\"name\":\"RPP\",\"url\":\"https:\/\/www.regalosparaprofesoras.com\/\",\"logo\":{\"@type\":\"ImageObject\",\"inLanguage\":\"es\",\"@id\":\"https:\/\/www.regalosparaprofesoras.com\/#\/schema\/logo\/image\/\",\"url\":\"https:\/\/www.regalosparaprofesoras.com\/wp-content\/uploads\/2022\/07\/cropped-cropped-RPP.png\",\"contentUrl\":\"https:\/\/www.regalosparaprofesoras.com\/wp-content\/uploads\/2022\/07\/cropped-cropped-RPP.png\",\"width\":512,\"height\":241,\"caption\":\"RPP\"},\"image\":{\"@id\":\"https:\/\/www.regalosparaprofesoras.com\/#\/schema\/logo\/image\/\"}}]}<\/script>\n<!-- \/ Yoast SEO plugin. -->","yoast_head_json":{"title":"231TILTE TILTE TILTE TILTE","description":"231 DESCRIPTION DESCRIPTION DESCRIPTION DESCRIPTION","robots":{"index":"index","follow":"follow","max-snippet":"max-snippet:-1","max-image-preview":"max-image-preview:large","max-video-preview":"max-video-preview:-1"},"canonical":"https:\/\/www.regalosparaprofesoras.com\/?page_id=231","og_locale":"es_ES","og_type":"article","og_title":"231TILTE TILTE TILTE TILTE","og_description":"231 DESCRIPTION DESCRIPTION DESCRIPTION DESCRIPTION","og_url":"https:\/\/www.regalosparaprofesoras.com\/?page_id=231","og_site_name":"RPP","article_modified_time":"2026-04-21T08:48:27+00:00","twitter_card":"summary_large_image","twitter_misc":{"Tiempo de lectura":"2 minutos"},"schema":{"@context":"https:\/\/schema.org","@graph":[{"@type":"WebPage","@id":"https:\/\/www.regalosparaprofesoras.com\/?page_id=231","url":"https:\/\/www.regalosparaprofesoras.com\/?page_id=231","name":"231TILTE TILTE TILTE TILTE","isPartOf":{"@id":"https:\/\/www.regalosparaprofesoras.com\/#website"},"datePublished":"2026-04-21T08:39:39+00:00","dateModified":"2026-04-21T08:48:27+00:00","description":"231 DESCRIPTION DESCRIPTION DESCRIPTION DESCRIPTION","breadcrumb":{"@id":"https:\/\/www.regalosparaprofesoras.com\/?page_id=231#breadcrumb"},"inLanguage":"es","potentialAction":[{"@type":"ReadAction","target":["https:\/\/www.regalosparaprofesoras.com\/?page_id=231"]}]},{"@type":"BreadcrumbList","@id":"https:\/\/www.regalosparaprofesoras.com\/?page_id=231#breadcrumb","itemListElement":[{"@type":"ListItem","position":1,"name":"Portada","item":"https:\/\/www.regalosparaprofesoras.com\/"},{"@type":"ListItem","position":2,"name":"Regalos para profesoras de infantil"}]},{"@type":"WebSite","@id":"https:\/\/www.regalosparaprofesoras.com\/#website","url":"https:\/\/www.regalosparaprofesoras.com\/","name":"RPP","description":"La mayor selecci\u00f3n de regalos para profesoras de amazon","publisher":{"@id":"https:\/\/www.regalosparaprofesoras.com\/#organization"},"potentialAction":[{"@type":"SearchAction","target":{"@type":"EntryPoint","urlTemplate":"https:\/\/www.regalosparaprofesoras.com\/?s={search_term_string}"},"query-input":"required name=search_term_string"}],"inLanguage":"es"},{"@type":"Organization","@id":"https:\/\/www.regalosparaprofesoras.com\/#organization","name":"RPP","url":"https:\/\/www.regalosparaprofesoras.com\/","logo":{"@type":"ImageObject","inLanguage":"es","@id":"https:\/\/www.regalosparaprofesoras.com\/#\/schema\/logo\/image\/","url":"https:\/\/www.regalosparaprofesoras.com\/wp-content\/uploads\/2022\/07\/cropped-cropped-RPP.png","contentUrl":"https:\/\/www.regalosparaprofesoras.com\/wp-content\/uploads\/2022\/07\/cropped-cropped-RPP.png","width":512,"height":241,"caption":"RPP"},"image":{"@id":"https:\/\/www.regalosparaprofesoras.com\/#\/schema\/logo\/image\/"}}]}},"_links":{"self":[{"href":"https:\/\/www.regalosparaprofesoras.com\/index.php?rest_route=\/wp\/v2\/pages\/231","targetHints":{"allow":["GET"]}}],"collection":[{"href":"https:\/\/www.regalosparaprofesoras.com\/index.php?rest_route=\/wp\/v2\/pages"}],"about":[{"href":"https:\/\/www.regalosparaprofesoras.com\/index.php?rest_route=\/wp\/v2\/types\/page"}],"author":[{"embeddable":true,"href":"https:\/\/www.regalosparaprofesoras.com\/index.php?rest_route=\/wp\/v2\/users\/1"}],"replies":[{"embeddable":true,"href":"https:\/\/www.regalosparaprofesoras.com\/index.php?rest_route=%2Fwp%2Fv2%2Fcomments&post=231"}],"version-history":[{"count":4,"href":"https:\/\/www.regalosparaprofesoras.com\/index.php?rest_route=\/wp\/v2\/pages\/231\/revisions"}],"predecessor-version":[{"id":441,"href":"https:\/\/www.regalosparaprofesoras.com\/index.php?rest_route=\/wp\/v2\/pages\/231\/revisions\/441"}],"wp:attachment":[{"href":"https:\/\/www.regalosparaprofesoras.com\/index.php?rest_route=%2Fwp%2Fv2%2Fmedia&parent=231"}],"curies":[{"name":"wp","href":"https:\/\/api.w.org\/{rel}","templated":true}]}}